{"id":1517,"date":"2024-04-16T16:51:31","date_gmt":"2024-04-16T14:51:31","guid":{"rendered":"https:\/\/hammerr.com\/privacy-policy\/"},"modified":"2024-04-16T16:51:43","modified_gmt":"2024-04-16T14:51:43","slug":"privacy-policy","status":"publish","type":"page","link":"https:\/\/hammerr.com\/de\/privacy-policy\/","title":{"rendered":"Privacy Policy"},"content":{"rendered":"\n<h2 class=\"wp-block-heading\">\u00dcber uns<\/h2>\n\n<p><strong class=\"privacy-policy-tutorial\">Vorgeschlagener Text: <\/strong>Die Adresse unserer Website lautet: https:\/\/hammerr.com.<\/p>\n\n<h2 class=\"wp-block-heading\">Kommentare<\/h2>\n\n<p><strong class=\"privacy-policy-tutorial\">Vorgeschlagener Text:<\/strong> Wenn Besucher Kommentare auf der Website hinterlassen, erfassen wir die im Kommentarformular angezeigten Daten sowie die IP-Adresse des Besuchers und die Zeichenfolge des Browser-Benutzeragenten, um die Spam-Erkennung zu erleichtern.<\/p>\n\n<p>Eine anonymisierte Zeichenkette, die aus Ihrer E-Mail-Adresse erstellt wird (auch als Hash bekannt), kann dem Gravatar-Dienst zur Verf\u00fcgung gestellt werden, um zu sehen, ob Sie ihn verwenden.\nDie Datenschutzbestimmungen des Gravatar-Dienstes finden Sie hier: https:\/\/automattic.com\/privacy\/. Nach der Genehmigung Ihres Kommentars ist Ihr Profilbild im Zusammenhang mit Ihrem Kommentar \u00f6ffentlich sichtbar. <\/p>\n\n<h2 class=\"wp-block-heading\">Medien<\/h2>\n\n<p><strong class=\"privacy-policy-tutorial\">Textvorschlag: <\/strong>Wenn Sie Bilder auf die Website hochladen, sollten Sie es vermeiden, Bilder hochzuladen, die eingebettete Positionsdaten (EXIF-GPS) enthalten.\nBesucher der Website k\u00f6nnen alle Positionsdaten von den Bildern auf der Website herunterladen und extrahieren. <\/p>\n\n<h2 class=\"wp-block-heading\">Keks<\/h2>\n\n<p><strong class=\"privacy-policy-tutorial\">Textvorschlag: <\/strong>Wenn Sie einen Kommentar auf unserer Website hinterlassen, k\u00f6nnen Sie festlegen, dass Ihr Name, Ihre E-Mail-Adresse und Ihre Website in Cookies gespeichert werden.\nDiese Cookies dienen Ihrer Bequemlichkeit, damit Sie Ihre Daten nicht erneut eingeben m\u00fcssen, wenn Sie einen weiteren Kommentar hinterlassen.\nDiese Cookies sind ein Jahr lang g\u00fcltig.  <\/p>\n\n<p>Wenn Sie die Anmeldeseite besuchen, wird ein tempor\u00e4res Cookie gesetzt, um festzustellen, ob Ihr Browser Cookies zul\u00e4sst.\nDieses Cookie enth\u00e4lt keine pers\u00f6nlichen Daten und wird gel\u00f6scht, wenn Sie den Browser schlie\u00dfen. <\/p>\n\n<p>Wenn Sie sich anmelden, werden mehrere Cookies gesetzt, um Ihre Anmeldeinformationen und Bildschirmoptionen zu speichern.\nAnmelde-Cookies bleiben zwei Tage lang gespeichert, w\u00e4hrend Cookies f\u00fcr Bildschirmoptionen ein Jahr lang gespeichert werden.\nWenn Sie &#8222;Angemeldet bleiben&#8220; w\u00e4hlen, bleibt Ihre Anmeldung zwei Wochen lang erhalten.\nWenn Sie sich von Ihrem Konto abmelden, werden die Anmelde-Cookies entfernt.   <\/p>\n\n<p>Wenn Sie einen Artikel bearbeiten oder ver\u00f6ffentlichen, wird ein zus\u00e4tzliches Cookie in Ihrem Browser gespeichert.\nDieses Cookie enth\u00e4lt keine pers\u00f6nlichen Daten, sondern zeigt lediglich die ID des Artikels an, den Sie gerade bearbeitet haben.\nEr l\u00e4uft nach 1 Tag ab.  <\/p>\n\n<h2 class=\"wp-block-heading\">In andere Websites eingebettete Inhalte<\/h2>\n\n<p><strong class=\"privacy-policy-tutorial\">Textvorschlag: <\/strong>Die Artikel auf dieser Website k\u00f6nnen eingebettete Inhalte enthalten (z.B. Videos, Bilder, Artikel usw.).\nEingebettete Inhalte von anderen Websites verhalten sich genau so, als ob der Besucher die andere Website besucht h\u00e4tte. <\/p>\n\n<p>Diese Websites k\u00f6nnen Daten \u00fcber Sie sammeln, Cookies verwenden, zus\u00e4tzliche Trackingverfahren von Dritten integrieren und Ihre Interaktion mit ihnen \u00fcberwachen, einschlie\u00dflich der Verfolgung Ihrer Interaktion mit eingebetteten Inhalten, wenn Sie ein Konto haben und auf diesen Websites angemeldet sind.<\/p>\n\n<h2 class=\"wp-block-heading\">Mit wem wir Ihre Daten teilen<\/h2>\n\n<p><strong class=\"privacy-policy-tutorial\">Vorgeschlagener Text:<\/strong> Wenn Sie ein Zur\u00fccksetzen des Passworts anfordern, wird Ihre IP-Adresse in die E-Mail zum Zur\u00fccksetzen aufgenommen.<\/p>\n\n<h2 class=\"wp-block-heading\">Wie lange wir Ihre Daten aufbewahren<\/h2>\n\n<p><strong class=\"privacy-policy-tutorial\">Vorgeschlagener Text: <\/strong>Wenn Sie einen Kommentar hinterlassen, werden der Kommentar und seine Metadaten auf unbestimmte Zeit gespeichert.\nAuf diese Weise k\u00f6nnen wir nachfolgende Kommentare automatisch erkennen und genehmigen, anstatt sie in einer Moderationswarteschlange zu halten. <\/p>\n\n<p>F\u00fcr Benutzer, die sich auf unserer Website registrieren (falls vorhanden), speichern wir auch die pers\u00f6nlichen Daten, die sie in ihrem Benutzerprofil angeben.\nAlle Benutzer k\u00f6nnen ihre pers\u00f6nlichen Daten jederzeit einsehen, bearbeiten oder l\u00f6schen (mit Ausnahme ihres Benutzernamens, den sie nicht \u00e4ndern k\u00f6nnen).\nWebsite-Administratoren k\u00f6nnen diese Informationen ebenfalls einsehen und bearbeiten.  <\/p>\n\n<h2 class=\"wp-block-heading\">Welche Rechte haben Sie in Bezug auf Ihre Daten?<\/h2>\n\n<p><strong class=\"privacy-policy-tutorial\">Textvorschlag: <\/strong>Wenn Sie ein Konto auf dieser Website haben oder Kommentare hinterlassen haben, k\u00f6nnen Sie beantragen, eine exportierte Datei von der Website mit den pers\u00f6nlichen Daten zu erhalten, die wir \u00fcber Sie haben, einschlie\u00dflich der Daten, die Sie uns zur Verf\u00fcgung gestellt haben.\nSie k\u00f6nnen auch verlangen, dass wir alle personenbezogenen Daten \u00fcber Sie l\u00f6schen.\nDies gilt nicht f\u00fcr Daten, die wir aus administrativen, rechtlichen oder Sicherheitsgr\u00fcnden aufbewahren m\u00fcssen.  <\/p>\n\n<h2 class=\"wp-block-heading\">Wohin Ihre Daten gesendet werden<\/h2>\n\n<p><strong class=\"privacy-policy-tutorial\">Vorgeschlagener Text:<\/strong> Besucherkommentare k\u00f6nnen \u00fcber einen automatisierten Spam-Erkennungsdienst \u00fcberpr\u00fcft werden.<\/p>\n","protected":false},"excerpt":{"rendered":"<p>\u00dcber uns Vorgeschlagener Text: Die Adresse unserer Website lautet: https:\/\/hammerr.com. Kommentare Vorgeschlagener Text: Wenn Besucher Kommentare auf der Website hinterlassen, erfassen wir die im Kommentarformular angezeigten Daten sowie die IP-Adresse des Besuchers und die Zeichenfolge des Browser-Benutzeragenten, um die Spam-Erkennung zu erleichtern. Eine anonymisierte Zeichenkette, die aus Ihrer E-Mail-Adresse erstellt wird (auch als Hash bekannt), [&hellip;]<\/p>\n","protected":false},"author":3,"featured_media":0,"parent":0,"menu_order":0,"comment_status":"closed","ping_status":"closed","template":"","meta":{"_acf_changed":false,"footnotes":""},"class_list":["post-1517","page","type-page","status-publish","hentry"],"acf":[],"_links":{"self":[{"href":"https:\/\/hammerr.com\/de\/wp-json\/wp\/v2\/pages\/1517","targetHints":{"allow":["GET"]}}],"collection":[{"href":"https:\/\/hammerr.com\/de\/wp-json\/wp\/v2\/pages"}],"about":[{"href":"https:\/\/hammerr.com\/de\/wp-json\/wp\/v2\/types\/page"}],"author":[{"embeddable":true,"href":"https:\/\/hammerr.com\/de\/wp-json\/wp\/v2\/users\/3"}],"replies":[{"embeddable":true,"href":"https:\/\/hammerr.com\/de\/wp-json\/wp\/v2\/comments?post=1517"}],"version-history":[{"count":0,"href":"https:\/\/hammerr.com\/de\/wp-json\/wp\/v2\/pages\/1517\/revisions"}],"wp:attachment":[{"href":"https:\/\/hammerr.com\/de\/wp-json\/wp\/v2\/media?parent=1517"}],"curies":[{"name":"wp","href":"https:\/\/api.w.org\/{rel}","templated":true}]}}